{"id":30,"date":"2021-09-23T09:08:22","date_gmt":"2021-09-23T09:08:22","guid":{"rendered":"https:\/\/sh-wellness.com\/?page_id=30"},"modified":"2025-01-09T17:33:37","modified_gmt":"2025-01-09T17:33:37","slug":"ueber-uns","status":"publish","type":"page","link":"https:\/\/sh-wellness.com\/index.php\/ueber-uns\/","title":{"rendered":"\u00dcber mich"},"content":{"rendered":"\t\t<div data-elementor-type=\"wp-page\" data-elementor-id=\"30\" class=\"elementor elementor-30\" data-elementor-post-type=\"page\">\n\t\t\t\t\t\t<section class=\"elementor-section elementor-top-section elementor-element elementor-element-45de737 elementor-section-boxed elementor-section-height-default elementor-section-height-default\" data-id=\"45de737\" data-element_type=\"section\" data-e-type=\"section\" data-settings=\"{&quot;background_background&quot;:&quot;classic&quot;}\">\n\t\t\t\t\t\t<div class=\"elementor-container elementor-column-gap-default\">\n\t\t\t\t\t<div class=\"elementor-column elementor-col-50 elementor-top-column elementor-element elementor-element-d273b52\" data-id=\"d273b52\" data-element_type=\"column\" data-e-type=\"column\">\n\t\t\t<div class=\"elementor-widget-wrap elementor-element-populated\">\n\t\t\t\t\t\t<div class=\"elementor-element elementor-element-21b74ac elementor-widget elementor-widget-heading\" data-id=\"21b74ac\" data-element_type=\"widget\" data-e-type=\"widget\" data-widget_type=\"heading.default\">\n\t\t\t\t<div class=\"elementor-widget-container\">\n\t\t\t\t\t<h2 class=\"elementor-heading-title elementor-size-default\">\u00dcber mich<\/h2>\t\t\t\t<\/div>\n\t\t\t\t<\/div>\n\t\t\t\t<div class=\"elementor-element elementor-element-928e1ad elementor-widget__width-initial elementor-widget elementor-widget-image\" data-id=\"928e1ad\" data-element_type=\"widget\" data-e-type=\"widget\" data-widget_type=\"image.default\">\n\t\t\t\t<div class=\"elementor-widget-container\">\n\t\t\t\t\t\t\t\t\t\t\t\t\t\t\t<img fetchpriority=\"high\" decoding=\"async\" width=\"1200\" height=\"1600\" src=\"https:\/\/sh-wellness.com\/wp-content\/uploads\/2023\/06\/b0d81c79-03b3-47c5-87ed-0598127ad73d.jpg\" class=\"attachment-full size-full wp-image-1761\" alt=\"\" srcset=\"https:\/\/sh-wellness.com\/wp-content\/uploads\/2023\/06\/b0d81c79-03b3-47c5-87ed-0598127ad73d.jpg 1200w, https:\/\/sh-wellness.com\/wp-content\/uploads\/2023\/06\/b0d81c79-03b3-47c5-87ed-0598127ad73d-225x300.jpg 225w, https:\/\/sh-wellness.com\/wp-content\/uploads\/2023\/06\/b0d81c79-03b3-47c5-87ed-0598127ad73d-768x1024.jpg 768w, https:\/\/sh-wellness.com\/wp-content\/uploads\/2023\/06\/b0d81c79-03b3-47c5-87ed-0598127ad73d-1152x1536.jpg 1152w\" sizes=\"(max-width: 1200px) 100vw, 1200px\" \/>\t\t\t\t\t\t\t\t\t\t\t\t\t\t\t<\/div>\n\t\t\t\t<\/div>\n\t\t\t\t\t<\/div>\n\t\t<\/div>\n\t\t\t\t<div class=\"elementor-column elementor-col-50 elementor-top-column elementor-element elementor-element-01f5481\" data-id=\"01f5481\" data-element_type=\"column\" data-e-type=\"column\" data-settings=\"{&quot;background_background&quot;:&quot;classic&quot;}\">\n\t\t\t<div class=\"elementor-widget-wrap elementor-element-populated\">\n\t\t\t\t\t\t<div class=\"elementor-element elementor-element-3f716d3 elementor-widget elementor-widget-text-editor\" data-id=\"3f716d3\" data-element_type=\"widget\" data-e-type=\"widget\" data-widget_type=\"text-editor.default\">\n\t\t\t\t<div class=\"elementor-widget-container\">\n\t\t\t\t\t\t\t\t\t<p><strong>2024 MELT Method &#8211; <\/strong><strong>Instructor Level 4<\/strong><\/p><p><strong>2023 MELT Method &#8211; Instructor Level 3 <\/strong><\/p><p><strong>2022 MELT Method &#8211; Instructor Level 2\u00a0<\/strong><\/p><p><strong>2021 MELT Method &#8211; Instructor Level 1<\/strong><\/p><p><strong>2020 Qi Gong &#8211; \u00dcbungsleiterin<\/strong><\/p><p><strong>2017 CANTIENICA\u00ae &#8211; Beckenbodentraining<\/strong><\/p><p><strong>2015 CANTIENICA\u00ae\u00a0&#8211; go!<\/strong><\/p><p><strong>2010 CANTIENICA\u00ae\u00a0&#8211; Das R\u00fcckenprogramm<\/strong><\/p><p><strong>2005<\/strong><span style=\"font-weight: bold;\"> CANTIENICA\u00ae\u00a0<\/span>&#8211;<strong> Das Powerprogramm<\/strong><\/p><p><strong>2007 CANTIENICA\u00ae\u00a0&#8211; Faceforming<\/strong><\/p><p><span style=\"font-weight: bold;\">2005 CANTIENICA\u00ae<\/span>\u00a0&#8211;<strong> Coaching Zertifikat<\/strong><\/p>\t\t\t\t\t\t\t\t<\/div>\n\t\t\t\t<\/div>\n\t\t\t\t\t<\/div>\n\t\t<\/div>\n\t\t\t\t\t<\/div>\n\t\t<\/section>\n\t\t\t\t<section class=\"elementor-section elementor-top-section elementor-element elementor-element-ad1259f elementor-section-boxed elementor-section-height-default elementor-section-height-default\" data-id=\"ad1259f\" data-element_type=\"section\" data-e-type=\"section\">\n\t\t\t\t\t\t<div class=\"elementor-container elementor-column-gap-default\">\n\t\t\t\t\t<div class=\"elementor-column elementor-col-50 elementor-top-column elementor-element elementor-element-a7b55cd\" data-id=\"a7b55cd\" data-element_type=\"column\" data-e-type=\"column\">\n\t\t\t<div class=\"elementor-widget-wrap elementor-element-populated\">\n\t\t\t\t\t\t<div class=\"elementor-element elementor-element-175e36a elementor-widget elementor-widget-heading\" data-id=\"175e36a\" data-element_type=\"widget\" data-e-type=\"widget\" data-widget_type=\"heading.default\">\n\t\t\t\t<div class=\"elementor-widget-container\">\n\t\t\t\t\t<h2 class=\"elementor-heading-title elementor-size-large\">Netzwerk K\u00f6rpertraining<\/h2>\t\t\t\t<\/div>\n\t\t\t\t<\/div>\n\t\t\t\t<div class=\"elementor-element elementor-element-6d48a43 elementor-widget elementor-widget-text-editor\" data-id=\"6d48a43\" data-element_type=\"widget\" data-e-type=\"widget\" data-widget_type=\"text-editor.default\">\n\t\t\t\t<div class=\"elementor-widget-container\">\n\t\t\t\t\t\t\t\t\t<h5><span style=\"color: var( --e-global-color-text ); font-family: var( --e-global-typography-text-font-family ), Sans-serif; font-weight: var( --e-global-typography-text-font-weight );\">Gemeinsam ist man st\u00e4rker.<br><\/span>Mit der K\u00fcndigung des CANTIENICA Qualit\u00e4tsclubs durch die CANTIENICA AG und der Umstellung auf ein Lizenzsystem, haben ehemalige Mitglieder des Qualit\u00e4tsclubs das&nbsp;<a style=\"background-color: #ffffff;\" href=\"https:\/\/www.netzwerkkoerpertraining.com\/\" target=\"_blank\" rel=\"noopener\">Netzwerk K\u00f6rpertraining<\/a>&nbsp;gegr\u00fcndet. Die Ziele dieses Netzwerks sind die gegenseitige Unterst\u00fctzung, Austausch, Fortbildung und Qualit\u00e4tssicherung.<\/h5>\t\t\t\t\t\t\t\t<\/div>\n\t\t\t\t<\/div>\n\t\t\t\t\t<\/div>\n\t\t<\/div>\n\t\t\t\t<div class=\"elementor-column elementor-col-50 elementor-top-column elementor-element elementor-element-23d48aa\" data-id=\"23d48aa\" data-element_type=\"column\" data-e-type=\"column\">\n\t\t\t<div class=\"elementor-widget-wrap\">\n\t\t\t\t\t\t\t<\/div>\n\t\t<\/div>\n\t\t\t\t\t<\/div>\n\t\t<\/section>\n\t\t\t\t<\/div>\n\t\t","protected":false},"excerpt":{"rendered":"<p>\u00dcber mich 2024 MELT Method &#8211; Instructor Level 4 2023 MELT Method &#8211; Instructor Level 3 2022 MELT Method &#8211; Instructor Level 2\u00a0 2021 MELT Method &#8211; Instructor Level 1 2020 Qi Gong &#8211; \u00dcbungsleiterin 2017 CANTIENICA\u00ae &#8211; Beckenbodentraining 2015 CANTIENICA\u00ae\u00a0&#8211; go! 2010 CANTIENICA\u00ae\u00a0&#8211; Das R\u00fcckenprogramm 2005 CANTIENICA\u00ae\u00a0&#8211; Das Powerprogramm 2007 CANTIENICA\u00ae\u00a0&#8211; Faceforming 2005 CANTIENICA\u00ae\u00a0&#8211; [&hellip;]<\/p>\n","protected":false},"author":1,"featured_media":0,"parent":0,"menu_order":0,"comment_status":"closed","ping_status":"closed","template":"","meta":{"footnotes":""},"class_list":["post-30","page","type-page","status-publish","hentry"],"_links":{"self":[{"href":"https:\/\/sh-wellness.com\/index.php\/wp-json\/wp\/v2\/pages\/30","targetHints":{"allow":["GET"]}}],"collection":[{"href":"https:\/\/sh-wellness.com\/index.php\/wp-json\/wp\/v2\/pages"}],"about":[{"href":"https:\/\/sh-wellness.com\/index.php\/wp-json\/wp\/v2\/types\/page"}],"author":[{"embeddable":true,"href":"https:\/\/sh-wellness.com\/index.php\/wp-json\/wp\/v2\/users\/1"}],"replies":[{"embeddable":true,"href":"https:\/\/sh-wellness.com\/index.php\/wp-json\/wp\/v2\/comments?post=30"}],"version-history":[{"count":316,"href":"https:\/\/sh-wellness.com\/index.php\/wp-json\/wp\/v2\/pages\/30\/revisions"}],"predecessor-version":[{"id":1817,"href":"https:\/\/sh-wellness.com\/index.php\/wp-json\/wp\/v2\/pages\/30\/revisions\/1817"}],"wp:attachment":[{"href":"https:\/\/sh-wellness.com\/index.php\/wp-json\/wp\/v2\/media?parent=30"}],"curies":[{"name":"wp","href":"https:\/\/api.w.org\/{rel}","templated":true}]}}