{"id":34,"date":"2021-09-23T09:08:47","date_gmt":"2021-09-23T09:08:47","guid":{"rendered":"https:\/\/sh-wellness.com\/?page_id=34"},"modified":"2023-08-01T05:17:40","modified_gmt":"2023-08-01T05:17:40","slug":"impressum","status":"publish","type":"page","link":"https:\/\/sh-wellness.com\/index.php\/impressum\/","title":{"rendered":"Impressum"},"content":{"rendered":"\t\t<div data-elementor-type=\"wp-page\" data-elementor-id=\"34\" class=\"elementor elementor-34\" data-elementor-post-type=\"page\">\n\t\t\t\t\t\t<section class=\"elementor-section elementor-top-section elementor-element elementor-element-3e594c8 elementor-section-full_width elementor-section-height-default elementor-section-height-default\" data-id=\"3e594c8\" data-element_type=\"section\" data-e-type=\"section\">\n\t\t\t\t\t\t<div class=\"elementor-container elementor-column-gap-default\">\n\t\t\t\t\t<div class=\"elementor-column elementor-col-100 elementor-top-column elementor-element elementor-element-9f514d4\" data-id=\"9f514d4\" data-element_type=\"column\" data-e-type=\"column\">\n\t\t\t<div class=\"elementor-widget-wrap\">\n\t\t\t\t\t\t\t<\/div>\n\t\t<\/div>\n\t\t\t\t\t<\/div>\n\t\t<\/section>\n\t\t\t\t<section class=\"elementor-section elementor-top-section elementor-element elementor-element-5b0f973 elementor-section-boxed elementor-section-height-default elementor-section-height-default\" data-id=\"5b0f973\" data-element_type=\"section\" data-e-type=\"section\">\n\t\t\t\t\t\t<div class=\"elementor-container elementor-column-gap-default\">\n\t\t\t\t\t<div class=\"elementor-column elementor-col-100 elementor-top-column elementor-element elementor-element-1cada39\" data-id=\"1cada39\" data-element_type=\"column\" data-e-type=\"column\">\n\t\t\t<div class=\"elementor-widget-wrap elementor-element-populated\">\n\t\t\t\t\t\t<div class=\"elementor-element elementor-element-7c9334f elementor-widget elementor-widget-heading\" data-id=\"7c9334f\" data-element_type=\"widget\" data-e-type=\"widget\" data-widget_type=\"heading.default\">\n\t\t\t\t<div class=\"elementor-widget-container\">\n\t\t\t\t\t<h1 class=\"elementor-heading-title elementor-size-default\">Impressum<\/h1>\t\t\t\t<\/div>\n\t\t\t\t<\/div>\n\t\t\t\t<div class=\"elementor-element elementor-element-b430f4b elementor-widget-divider--view-line elementor-widget elementor-widget-divider\" data-id=\"b430f4b\" data-element_type=\"widget\" data-e-type=\"widget\" data-widget_type=\"divider.default\">\n\t\t\t\t<div class=\"elementor-widget-container\">\n\t\t\t\t\t\t\t<div class=\"elementor-divider\">\n\t\t\t<span class=\"elementor-divider-separator\">\n\t\t\t\t\t\t<\/span>\n\t\t<\/div>\n\t\t\t\t\t\t<\/div>\n\t\t\t\t<\/div>\n\t\t\t\t<div class=\"elementor-element elementor-element-182acb3 elementor-widget elementor-widget-text-editor\" data-id=\"182acb3\" data-element_type=\"widget\" data-e-type=\"widget\" data-widget_type=\"text-editor.default\">\n\t\t\t\t<div class=\"elementor-widget-container\">\n\t\t\t\t\t\t\t\t\t<h2>Angaben gem\u00e4\u00df \u00a7 5 TMG<\/h2><p>Sabine H\u00fcbner<br \/>Studio Sabine H\u00fcbner<br \/>Herforder Stra\u00dfe 195<br \/>32130 Enger<\/p><h2>Kontakt<\/h2><p>Telefon: 0173\/2603255<br \/>E-Mail: info@sh-wellness.com<\/p><h2>Angaben zur Berufs\u00adhaftpflicht\u00adversicherung<\/h2><p><strong>Name und Sitz des Versicherers:<\/strong><br \/>Barmenia Allgemeine Versicherungs-AG<br \/>Hauptverwaltung<br \/>Barmenia-Allee 1<br \/>42119 Wuppertal<\/p><p><strong>Geltungsraum der Versicherung:<\/strong><br \/>Deutschland<\/p><h2>Verbraucher\u00adstreit\u00adbeilegung\/Universal\u00adschlichtungs\u00adstelle<\/h2><p>Wir sind nicht bereit oder verpflichtet, an Streitbeilegungsverfahren vor einer Verbraucherschlichtungsstelle teilzunehmen.<\/p><p>Quelle: <a href=\"https:\/\/www.e-recht24.de\">https:\/\/www.e-recht24.d<\/a><\/p>\t\t\t\t\t\t\t\t<\/div>\n\t\t\t\t<\/div>\n\t\t\t\t\t<\/div>\n\t\t<\/div>\n\t\t\t\t\t<\/div>\n\t\t<\/section>\n\t\t\t\t<\/div>\n\t\t","protected":false},"excerpt":{"rendered":"<p>Impressum Angaben gem\u00e4\u00df \u00a7 5 TMG Sabine H\u00fcbnerStudio Sabine H\u00fcbnerHerforder Stra\u00dfe 19532130 Enger Kontakt Telefon: 0173\/2603255E-Mail: info@sh-wellness.com Angaben zur Berufs\u00adhaftpflicht\u00adversicherung Name und Sitz des Versicherers:Barmenia Allgemeine Versicherungs-AGHauptverwaltungBarmenia-Allee 142119 Wuppertal Geltungsraum der Versicherung:Deutschland Verbraucher\u00adstreit\u00adbeilegung\/Universal\u00adschlichtungs\u00adstelle Wir sind nicht bereit oder verpflichtet, an Streitbeilegungsverfahren vor einer Verbraucherschlichtungsstelle teilzunehmen. Quelle: https:\/\/www.e-recht24.d<\/p>\n","protected":false},"author":1,"featured_media":0,"parent":0,"menu_order":0,"comment_status":"closed","ping_status":"closed","template":"","meta":{"footnotes":""},"class_list":["post-34","page","type-page","status-publish","hentry"],"_links":{"self":[{"href":"https:\/\/sh-wellness.com\/index.php\/wp-json\/wp\/v2\/pages\/34","targetHints":{"allow":["GET"]}}],"collection":[{"href":"https:\/\/sh-wellness.com\/index.php\/wp-json\/wp\/v2\/pages"}],"about":[{"href":"https:\/\/sh-wellness.com\/index.php\/wp-json\/wp\/v2\/types\/page"}],"author":[{"embeddable":true,"href":"https:\/\/sh-wellness.com\/index.php\/wp-json\/wp\/v2\/users\/1"}],"replies":[{"embeddable":true,"href":"https:\/\/sh-wellness.com\/index.php\/wp-json\/wp\/v2\/comments?post=34"}],"version-history":[{"count":40,"href":"https:\/\/sh-wellness.com\/index.php\/wp-json\/wp\/v2\/pages\/34\/revisions"}],"predecessor-version":[{"id":1792,"href":"https:\/\/sh-wellness.com\/index.php\/wp-json\/wp\/v2\/pages\/34\/revisions\/1792"}],"wp:attachment":[{"href":"https:\/\/sh-wellness.com\/index.php\/wp-json\/wp\/v2\/media?parent=34"}],"curies":[{"name":"wp","href":"https:\/\/api.w.org\/{rel}","templated":true}]}}